{"id":135,"date":"2021-05-12T11:36:55","date_gmt":"2021-05-12T11:36:55","guid":{"rendered":"http:\/\/sistemaintegraldesalud.com\/?page_id=135"},"modified":"2023-02-25T01:14:05","modified_gmt":"2023-02-24T19:14:05","slug":"home","status":"publish","type":"page","link":"https:\/\/sistemaintegraldesalud.com\/","title":{"rendered":"Home"},"content":{"rendered":"\n<div class=\"wp-block-cover alignfull has-parallax\" style=\"min-height:966px;aspect-ratio:unset;\"><span aria-hidden=\"true\" class=\"wp-block-cover__background has-ast-global-color-2-background-color has-background-dim-90 has-background-dim\"><\/span><div role=\"img\" class=\"wp-block-cover__image-background wp-image-454 has-parallax\" style=\"background-position:50% 50%;background-image:url(https:\/\/sistemaintegraldesalud.com\/wp-content\/uploads\/2021\/10\/surgery-g5c7b76d00_1280-1.jpg)\"><\/div><div class=\"wp-block-cover__inner-container is-layout-flow wp-block-cover-is-layout-flow\">\n<h2 class=\"has-text-align-left has-white-color has-text-color wp-block-heading\">Bienvenido a Sistema Integral de Salud.<\/h2>\n\n\n\n<p class=\"has-medium-font-size\">Ofrecemos una amplia gama de productos dise\u00f1ados para satisfacer las necesidades de los profesionales de la salud en diversas especialiades. <\/p>\n\n\n\n<p class=\"has-normal-font-size\">&#8211; Equipos m\u00e9dicos no invasivos e invasivos<br>&#8211; Dispositivos m\u00e9dicos activos<br>&#8211; Equipos de laboratorio cl\u00ednico e investigaci\u00f3n.<br>&#8211; Pruebas r\u00e1pidas de diagn\u00f3stico<br>&#8211; Equipos point of care<br>&#8211; Medicamento no controlado<br>&#8211; Desarrollo de proyectos y campa\u00f1as para la salud.<\/p>\n<\/div><\/div>\n\n\n\n<div class=\"wp-block-group alignfull is-layout-flow wp-block-group-is-layout-flow\"><div class=\"wp-block-group__inner-container\">\n<h2 class=\"has-text-color wp-block-heading\" style=\"color:#141f46\">Proveemos insumos para el diagnostico, tratamiento e investigaci\u00f3n de afecciones m\u00e9dicas.<\/h2>\n\n\n\n<div class=\"wp-block-columns is-layout-flex wp-container-core-columns-is-layout-9d6595d7 wp-block-columns-is-layout-flex\">\n<div class=\"wp-block-column is-layout-flow wp-block-column-is-layout-flow\">\n<h4 class=\"has-text-color wp-block-heading\" style=\"color:#282c66\">Equ\u00edpos para laboratorio, pruebas y consumibles.<\/h4>\n\n\n\n<p>Contamos con las marcas top para laboratorio cl\u00ednico  e investigaci\u00f3n. <br>Ofreciendo capacitaci\u00f3n por especialistas de laboratorio. <\/p>\n<\/div>\n\n\n\n<div class=\"wp-block-column is-layout-flow wp-block-column-is-layout-flow\">\n<h4 class=\"has-text-color wp-block-heading\" style=\"color:#282c66\">Equipo m\u00e9dico, accesorios y consumibles.<\/h4>\n\n\n\n<p>Distribuci\u00f3n de equipo m\u00e9dico. Contamos con ingenieros certificados para la instalaci\u00f3n, capacitaci\u00f3n y puesta en marcha de nuestros equipos. <\/p>\n<\/div>\n\n\n\n<div class=\"wp-block-column is-vertically-aligned-center is-layout-flow wp-block-column-is-layout-flow\">\n<h4 class=\"has-text-color wp-block-heading\" style=\"color:#282c66\">Medicamento no controlado y medicamento de venta libre.<\/h4>\n\n\n\n<p>Distribuci\u00f3n de medicamentos no controlados bajo los protocolos de seguridad , estandares de calidad y en cumplimiento de la normativa vigente.<\/p>\n\n\n\n<p><\/p>\n\n\n\n<p>  <\/p>\n\n\n\n<h1 class=\"alignfull wp-block-heading\"><\/h1>\n\n\n\n<h1 class=\"alignfull wp-block-heading\"><\/h1>\n<\/div>\n<\/div>\n<\/div><\/div>\n\n\n\n<div class=\"wp-block-group alignfull has-background is-layout-flow wp-block-group-is-layout-flow\" style=\"background-color:#141f46\"><div class=\"wp-block-group__inner-container\">\n<div class=\"wp-block-media-text alignwide has-media-on-the-right is-stacked-on-mobile has-ast-global-color-5-color has-text-color has-background\" style=\"background-color:#141f46;grid-template-columns:auto 42%\"><div class=\"wp-block-media-text__content\">\n<h2 class=\"has-ast-global-color-5-color has-text-color wp-block-heading\">Sobre Nosotros<\/h2>\n\n\n\n<p class=\"has-ast-global-color-5-color has-text-color\">Somos una empresa mexicana dedicada a la comercializaci\u00f3n<br>de productos y servicios para la salud. Brindamos la atenci\u00f3n a<br>dependencias p\u00fablicas y privadas como: hospitales, cl\u00ednicas,<br>laboratorios cl\u00ednicos e instituciones privadas.<\/p>\n\n\n\n<h4 class=\"has-ast-global-color-5-color has-text-color wp-block-heading\">Misi\u00f3n<\/h4>\n\n\n\n<p class=\"has-ast-global-color-5-color has-text-color\">Somos una empresa mexicana, con un equipo multidisciplinario dedicado a la comercializaci\u00f3n de productos , servicios y&nbsp; desarrollo de proyectos, ofreciendo soluciones para un diagn\u00f3stico integral a los profesionales de la salud.&nbsp;<\/p>\n\n\n\n<h4 class=\"has-ast-global-color-5-color has-text-color wp-block-heading\">Visi\u00f3n<\/h4>\n\n\n\n<p class=\"has-ast-global-color-5-color has-text-color\">Ser una empresa global dedicada a la venta de productos y al desarrollo de proyectos relacionados a la prevenci\u00f3n de enfermedades y promoci\u00f3n de un sistema integral de salud, dirigido al sector p\u00fablico y privado,&nbsp;diferenci\u00e1ndonos por el profesionalismo de nuestro grupo de especialistas y la calidad e innovaci\u00f3n en un servicio personalizado.<\/p>\n<\/div><figure class=\"wp-block-media-text__media\"><img loading=\"lazy\" decoding=\"async\" width=\"958\" height=\"1024\" src=\"https:\/\/sistemaintegraldesalud.com\/wp-content\/uploads\/2021\/10\/SIS-LOGO-Blanco-1-958x1024.png\" alt=\"\" class=\"wp-image-459 size-full\" srcset=\"https:\/\/sistemaintegraldesalud.com\/wp-content\/uploads\/2021\/10\/SIS-LOGO-Blanco-1-958x1024.png 958w, https:\/\/sistemaintegraldesalud.com\/wp-content\/uploads\/2021\/10\/SIS-LOGO-Blanco-1-281x300.png 281w, https:\/\/sistemaintegraldesalud.com\/wp-content\/uploads\/2021\/10\/SIS-LOGO-Blanco-1-768x821.png 768w, https:\/\/sistemaintegraldesalud.com\/wp-content\/uploads\/2021\/10\/SIS-LOGO-Blanco-1-1436x1536.png 1436w, https:\/\/sistemaintegraldesalud.com\/wp-content\/uploads\/2021\/10\/SIS-LOGO-Blanco-1-1915x2048.png 1915w\" sizes=\"auto, (max-width: 958px) 100vw, 958px\" \/><\/figure><\/div>\n<\/div><\/div>\n\n\n\n<div class=\"wp-block-group alignfull is-layout-flow wp-block-group-is-layout-flow\"><div class=\"wp-block-group__inner-container\">\n<h2 class=\"has-text-align-center has-text-color wp-block-heading\" style=\"color:#282c66\">Algunas de las marcas con las que trabajamos<\/h2>\n\n\n\n<figure class=\"wp-block-gallery aligncenter has-nested-images columns-1 wp-block-gallery-1 is-layout-flex wp-block-gallery-is-layout-flex\">\n<figure class=\"wp-block-image size-large\"><img loading=\"lazy\" decoding=\"async\" width=\"660\" height=\"264\" data-id=\"701\" src=\"https:\/\/sistemaintegraldesalud.com\/wp-content\/uploads\/2021\/11\/capturado-marcas.png\" alt=\"\" class=\"wp-image-701\" srcset=\"https:\/\/sistemaintegraldesalud.com\/wp-content\/uploads\/2021\/11\/capturado-marcas.png 660w, https:\/\/sistemaintegraldesalud.com\/wp-content\/uploads\/2021\/11\/capturado-marcas-300x120.png 300w\" sizes=\"auto, (max-width: 660px) 100vw, 660px\" \/><\/figure>\n<\/figure>\n<\/div><\/div>\n\n\n\n<hr class=\"wp-block-separator has-text-color has-ast-global-color-3-color has-css-opacity has-ast-global-color-3-background-color has-background is-style-wide\"\/>\n\n\n\n<div class=\"wp-block-group alignfull is-layout-flow wp-block-group-is-layout-flow\"><div class=\"wp-block-group__inner-container\">\n<h2 class=\"has-text-align-left has-text-color wp-block-heading\" style=\"color:#282c66\">\u00bfPor qu\u00e9 elegirnos?<\/h2>\n\n\n\n<p class=\"has-text-color\" style=\"color:#141f46\"><strong><strong>Tenemos el conocimiento y la  experiencia  para hacer de tu instituci\u00f3n un lugar donde se integren los mejores productos de calidad y servicio.<\/strong><\/strong><\/p>\n\n\n\n<p class=\"has-text-color\" style=\"color:#141f46\">Sabemos que la salud es importante&nbsp; y desarrollamos un sistema integral optimo para tu instituci\u00f3n que se adapte a sus necesidades.<\/p>\n<\/div><\/div>\n\n\n\n<div class=\"wp-block-group alignfull has-background is-layout-flow wp-block-group-is-layout-flow\" style=\"background-color:#141f46\"><div class=\"wp-block-group__inner-container\">\n<div class=\"wp-block-media-text alignwide has-media-on-the-right is-stacked-on-mobile has-background\" style=\"background-color:#141f46;grid-template-columns:auto 66%\"><div class=\"wp-block-media-text__content\">\n<div class=\"wp-block-group is-layout-flow wp-block-group-is-layout-flow\"><div class=\"wp-block-group__inner-container\">\n<h3 class=\"has-ast-global-color-5-color has-text-color wp-block-heading\">\u00bfNecesitas  una cotizaci\u00f3n?<\/h3>\n\n\n\n<div class=\"wp-block-buttons is-layout-flex wp-block-buttons-is-layout-flex\">\n<div class=\"wp-block-button is-style-outline is-style-outline--2\"><a class=\"wp-block-button__link has-text-color wp-element-button\" href=\"https:\/\/sistemaintegraldesalud.com\/?page_id=141\" style=\"color:#dad9d9\">\u00a1Cont\u00e1ctanos! <\/a><\/div>\n<\/div>\n<\/div><\/div>\n<\/div><figure class=\"wp-block-media-text__media\"><img loading=\"lazy\" decoding=\"async\" width=\"1024\" height=\"683\" src=\"http:\/\/sistemaintegraldesalud.com\/wp-content\/uploads\/2021\/10\/pexels-yan-krukov-8867249-1-1024x683.jpg\" alt=\"serviciocliente\" class=\"wp-image-445 size-full\" srcset=\"https:\/\/sistemaintegraldesalud.com\/wp-content\/uploads\/2021\/10\/pexels-yan-krukov-8867249-1-1024x683.jpg 1024w, https:\/\/sistemaintegraldesalud.com\/wp-content\/uploads\/2021\/10\/pexels-yan-krukov-8867249-1-300x200.jpg 300w, https:\/\/sistemaintegraldesalud.com\/wp-content\/uploads\/2021\/10\/pexels-yan-krukov-8867249-1-768x512.jpg 768w\" sizes=\"auto, (max-width: 1024px) 100vw, 1024px\" \/><\/figure><\/div>\n\n\n\n<p><\/p>\n<\/div><\/div>\n\n\n\n<div class=\"wp-block-group alignfull has-background is-layout-flow wp-block-group-is-layout-flow\" style=\"background-color:#dad9d9\"><div class=\"wp-block-group__inner-container\">\n<div class=\"wp-block-columns are-vertically-aligned-center has-background is-layout-flex wp-container-core-columns-is-layout-9d6595d7 wp-block-columns-is-layout-flex\" style=\"background-color:#dad9d9\">\n<div class=\"wp-block-column is-vertically-aligned-center is-layout-flow wp-block-column-is-layout-flow\">\n<h2 class=\"has-text-color wp-block-heading\" style=\"color:#282c66\">Ten la confianza que estaremos ah\u00ed cuando nos necesites<\/h2>\n<\/div>\n\n\n\n<div class=\"wp-block-column is-vertically-aligned-center is-layout-flow wp-block-column-is-layout-flow\">\n<p class=\"has-text-color\" style=\"color:#282c66\">Estamos comprometidos a ofrecer soluciones r\u00e1pidas y efectivas a tus requerimientos.<\/p>\n<\/div>\n<\/div>\n<\/div><\/div>\n\n\n\n<div class=\"wp-block-group alignfull is-layout-flow wp-block-group-is-layout-flow\"><div class=\"wp-block-group__inner-container\">\n<div class=\"wp-block-columns is-layout-flex wp-container-core-columns-is-layout-9d6595d7 wp-block-columns-is-layout-flex\">\n<div class=\"wp-block-column is-layout-flow wp-block-column-is-layout-flow\">\n<p><\/p>\n<\/div>\n<\/div>\n\n\n\n<div class=\"wp-block-columns is-layout-flex wp-container-core-columns-is-layout-9d6595d7 wp-block-columns-is-layout-flex\">\n<div class=\"wp-block-column is-layout-flow wp-block-column-is-layout-flow\">\n<figure class=\"wp-block-image size-large\"><img loading=\"lazy\" decoding=\"async\" width=\"1024\" height=\"676\" src=\"https:\/\/sistemaintegraldesalud.com\/wp-content\/uploads\/2021\/10\/surgery-g18471f89b_1920-1024x676.jpg\" alt=\"\" class=\"wp-image-471\" srcset=\"https:\/\/sistemaintegraldesalud.com\/wp-content\/uploads\/2021\/10\/surgery-g18471f89b_1920-1024x676.jpg 1024w, https:\/\/sistemaintegraldesalud.com\/wp-content\/uploads\/2021\/10\/surgery-g18471f89b_1920-300x198.jpg 300w, https:\/\/sistemaintegraldesalud.com\/wp-content\/uploads\/2021\/10\/surgery-g18471f89b_1920-768x507.jpg 768w, https:\/\/sistemaintegraldesalud.com\/wp-content\/uploads\/2021\/10\/surgery-g18471f89b_1920-1536x1014.jpg 1536w, https:\/\/sistemaintegraldesalud.com\/wp-content\/uploads\/2021\/10\/surgery-g18471f89b_1920.jpg 1920w\" sizes=\"auto, (max-width: 1024px) 100vw, 1024px\" \/><\/figure>\n<\/div>\n\n\n\n<div class=\"wp-block-column is-layout-flow wp-block-column-is-layout-flow\">\n<figure class=\"wp-block-image size-large\"><img loading=\"lazy\" decoding=\"async\" width=\"1024\" height=\"683\" src=\"https:\/\/sistemaintegraldesalud.com\/wp-content\/uploads\/2021\/10\/medical-equipment-g982a540f1_1920-1024x683.jpg\" alt=\"\" class=\"wp-image-472\" srcset=\"https:\/\/sistemaintegraldesalud.com\/wp-content\/uploads\/2021\/10\/medical-equipment-g982a540f1_1920-1024x683.jpg 1024w, https:\/\/sistemaintegraldesalud.com\/wp-content\/uploads\/2021\/10\/medical-equipment-g982a540f1_1920-300x200.jpg 300w, https:\/\/sistemaintegraldesalud.com\/wp-content\/uploads\/2021\/10\/medical-equipment-g982a540f1_1920-768x512.jpg 768w, https:\/\/sistemaintegraldesalud.com\/wp-content\/uploads\/2021\/10\/medical-equipment-g982a540f1_1920-1536x1025.jpg 1536w, https:\/\/sistemaintegraldesalud.com\/wp-content\/uploads\/2021\/10\/medical-equipment-g982a540f1_1920.jpg 1920w\" sizes=\"auto, (max-width: 1024px) 100vw, 1024px\" \/><\/figure>\n<\/div>\n\n\n\n<div class=\"wp-block-column is-layout-flow wp-block-column-is-layout-flow\">\n<figure class=\"wp-block-image size-large\"><img loading=\"lazy\" decoding=\"async\" width=\"1024\" height=\"683\" src=\"https:\/\/sistemaintegraldesalud.com\/wp-content\/uploads\/2021\/10\/diabetes-g2f69363c9_1920-1024x683.jpg\" alt=\"\" class=\"wp-image-474\" srcset=\"https:\/\/sistemaintegraldesalud.com\/wp-content\/uploads\/2021\/10\/diabetes-g2f69363c9_1920-1024x683.jpg 1024w, https:\/\/sistemaintegraldesalud.com\/wp-content\/uploads\/2021\/10\/diabetes-g2f69363c9_1920-300x200.jpg 300w, https:\/\/sistemaintegraldesalud.com\/wp-content\/uploads\/2021\/10\/diabetes-g2f69363c9_1920-768x512.jpg 768w, https:\/\/sistemaintegraldesalud.com\/wp-content\/uploads\/2021\/10\/diabetes-g2f69363c9_1920-1536x1024.jpg 1536w, https:\/\/sistemaintegraldesalud.com\/wp-content\/uploads\/2021\/10\/diabetes-g2f69363c9_1920.jpg 1920w\" sizes=\"auto, (max-width: 1024px) 100vw, 1024px\" \/><\/figure>\n<\/div>\n<\/div>\n<\/div><\/div>\n\n\n\n<div class=\"wp-block-group alignfull has-background is-layout-flow wp-block-group-is-layout-flow\" style=\"background-color:#141f46\"><div class=\"wp-block-group__inner-container\"><\/div><\/div>\n","protected":false},"excerpt":{"rendered":"<p>Proveemos insumos para el diagnostico, tratamiento e investigaci\u00f3n de afecciones m\u00e9dicas. Equ\u00edpos para laboratorio, pruebas y consumibles. Contamos con las marcas top para laboratorio cl\u00ednico e investigaci\u00f3n. Ofreciendo capacitaci\u00f3n por especialistas de laboratorio. Equipo m\u00e9dico, accesorios y consumibles. Distribuci\u00f3n de equipo m\u00e9dico. Contamos con ingenieros certificados para la instalaci\u00f3n, capacitaci\u00f3n y puesta en marcha de &hellip;<\/p>\n<p class=\"read-more\"> <a class=\"\" href=\"https:\/\/sistemaintegraldesalud.com\/\"> <span class=\"screen-reader-text\">Home<\/span> Leer m\u00e1s &raquo;<\/a><\/p>\n","protected":false},"author":1,"featured_media":0,"parent":0,"menu_order":0,"comment_status":"closed","ping_status":"closed","template":"","meta":{"om_disable_all_campaigns":false,"_monsterinsights_skip_tracking":false,"_monsterinsights_sitenote_active":false,"_monsterinsights_sitenote_note":"","_monsterinsights_sitenote_category":0,"footnotes":""},"class_list":["post-135","page","type-page","status-publish","hentry"],"aioseo_notices":[],"_links":{"self":[{"href":"https:\/\/sistemaintegraldesalud.com\/index.php?rest_route=\/wp\/v2\/pages\/135","targetHints":{"allow":["GET"]}}],"collection":[{"href":"https:\/\/sistemaintegraldesalud.com\/index.php?rest_route=\/wp\/v2\/pages"}],"about":[{"href":"https:\/\/sistemaintegraldesalud.com\/index.php?rest_route=\/wp\/v2\/types\/page"}],"author":[{"embeddable":true,"href":"https:\/\/sistemaintegraldesalud.com\/index.php?rest_route=\/wp\/v2\/users\/1"}],"replies":[{"embeddable":true,"href":"https:\/\/sistemaintegraldesalud.com\/index.php?rest_route=%2Fwp%2Fv2%2Fcomments&post=135"}],"version-history":[{"count":57,"href":"https:\/\/sistemaintegraldesalud.com\/index.php?rest_route=\/wp\/v2\/pages\/135\/revisions"}],"predecessor-version":[{"id":850,"href":"https:\/\/sistemaintegraldesalud.com\/index.php?rest_route=\/wp\/v2\/pages\/135\/revisions\/850"}],"wp:attachment":[{"href":"https:\/\/sistemaintegraldesalud.com\/index.php?rest_route=%2Fwp%2Fv2%2Fmedia&parent=135"}],"curies":[{"name":"wp","href":"https:\/\/api.w.org\/{rel}","templated":true}]}}