{"id":137,"date":"2021-05-12T11:37:28","date_gmt":"2021-05-12T11:37:28","guid":{"rendered":"http:\/\/sistemaintegraldesalud.com\/?page_id=137"},"modified":"2023-02-24T07:03:16","modified_gmt":"2023-02-24T01:03:16","slug":"services","status":"publish","type":"page","link":"https:\/\/sistemaintegraldesalud.com\/?page_id=137","title":{"rendered":"Services"},"content":{"rendered":"\n<div class=\"wp-block-cover alignfull has-parallax\" style=\"min-height:546px;aspect-ratio:unset;\"><span aria-hidden=\"true\" class=\"wp-block-cover__background has-ast-global-color-2-background-color has-background-dim-90 has-background-dim\"><\/span><div role=\"img\" class=\"wp-block-cover__image-background wp-image-498 has-parallax\" style=\"background-position:50% 50%;background-image:url(https:\/\/sistemaintegraldesalud.com\/wp-content\/uploads\/2021\/10\/surgery-g5c7b76d00_1280-2.jpg)\"><\/div><div class=\"wp-block-cover__inner-container is-layout-flow wp-block-cover-is-layout-flow\">\n<h1 class=\"has-white-color has-text-color has-large-font-size wp-block-heading\"><br><br><br><br>Productos y Servicios<br><br><\/h1>\n<\/div><\/div>\n\n\n\n<div class=\"wp-block-group alignfull has-background is-layout-flow wp-block-group-is-layout-flow\" style=\"background-color:#141f46\"><div class=\"wp-block-group__inner-container\">\n<h2 class=\"has-text-align-left has-ast-global-color-5-color has-text-color has-large-font-size wp-block-heading\">Nuestra propuesta de valor<\/h2>\n\n\n\n<p class=\"has-ast-global-color-5-color has-text-color\">Se basa en tres principales fundamentales:  calidad, eficiencia y servicio personalizado.  Aseguramos que cada equipo cumpla con los estandares mas altos de calidad y confiabilidad.<\/p>\n\n\n\n<div class=\"wp-block-columns is-layout-flex wp-container-core-columns-is-layout-9d6595d7 wp-block-columns-is-layout-flex\">\n<div class=\"wp-block-column is-vertically-aligned-center is-layout-flow wp-block-column-is-layout-flow\">\n<div class=\"wp-block-buttons is-layout-flex wp-block-buttons-is-layout-flex\"><\/div>\n<\/div>\n<\/div>\n\n\n\n<div class=\"wp-block-media-text alignwide is-stacked-on-mobile has-ast-global-color-5-color has-text-color\"><figure class=\"wp-block-media-text__media\"><img loading=\"lazy\" decoding=\"async\" width=\"1024\" height=\"683\" src=\"http:\/\/sistemaintegraldesalud.com\/wp-content\/uploads\/2021\/10\/medical-equipment-g828c42445_1920-1024x683.jpg\" alt=\"\" class=\"wp-image-442 size-full\" srcset=\"https:\/\/sistemaintegraldesalud.com\/wp-content\/uploads\/2021\/10\/medical-equipment-g828c42445_1920-1024x683.jpg 1024w, https:\/\/sistemaintegraldesalud.com\/wp-content\/uploads\/2021\/10\/medical-equipment-g828c42445_1920-300x200.jpg 300w, https:\/\/sistemaintegraldesalud.com\/wp-content\/uploads\/2021\/10\/medical-equipment-g828c42445_1920-768x512.jpg 768w, https:\/\/sistemaintegraldesalud.com\/wp-content\/uploads\/2021\/10\/medical-equipment-g828c42445_1920-1536x1025.jpg 1536w, https:\/\/sistemaintegraldesalud.com\/wp-content\/uploads\/2021\/10\/medical-equipment-g828c42445_1920.jpg 1920w\" sizes=\"auto, (max-width: 1024px) 100vw, 1024px\" \/><\/figure><div class=\"wp-block-media-text__content\">\n<p class=\"has-ast-global-color-5-color has-text-color\"><\/p>\n<\/div><\/div>\n<\/div><\/div>\n\n\n\n<div class=\"wp-block-group alignfull is-layout-flow wp-block-group-is-layout-flow\"><div class=\"wp-block-group__inner-container\">\n<h2 class=\"has-text-align-center has-text-color wp-block-heading\" style=\"color:#141f46\">Clientes satisfechos con nuestros servicios<\/h2>\n\n\n\n<figure class=\"wp-block-gallery aligncenter has-nested-images columns-4 wp-block-gallery-1 is-layout-flex wp-block-gallery-is-layout-flex\">\n<figure class=\"wp-block-image size-large\"><img loading=\"lazy\" decoding=\"async\" width=\"379\" height=\"185\" data-id=\"483\" src=\"https:\/\/sistemaintegraldesalud.com\/wp-content\/uploads\/2021\/10\/imageonline-co-transparentimage-1.png\" alt=\"\" class=\"wp-image-483\" srcset=\"https:\/\/sistemaintegraldesalud.com\/wp-content\/uploads\/2021\/10\/imageonline-co-transparentimage-1.png 379w, https:\/\/sistemaintegraldesalud.com\/wp-content\/uploads\/2021\/10\/imageonline-co-transparentimage-1-300x146.png 300w\" sizes=\"auto, (max-width: 379px) 100vw, 379px\" \/><\/figure>\n\n\n\n<figure class=\"wp-block-image size-full\"><img loading=\"lazy\" decoding=\"async\" width=\"385\" height=\"227\" data-id=\"775\" src=\"https:\/\/sistemaintegraldesalud.com\/wp-content\/uploads\/2022\/03\/issste123.jpg\" alt=\"\" class=\"wp-image-775\" srcset=\"https:\/\/sistemaintegraldesalud.com\/wp-content\/uploads\/2022\/03\/issste123.jpg 385w, https:\/\/sistemaintegraldesalud.com\/wp-content\/uploads\/2022\/03\/issste123-300x177.jpg 300w\" sizes=\"auto, (max-width: 385px) 100vw, 385px\" \/><\/figure>\n\n\n\n<figure class=\"wp-block-image size-large\"><img loading=\"lazy\" decoding=\"async\" width=\"225\" height=\"225\" data-id=\"485\" src=\"https:\/\/sistemaintegraldesalud.com\/wp-content\/uploads\/2021\/10\/imageonline-co-transparentimage-3.png\" alt=\"\" class=\"wp-image-485\" srcset=\"https:\/\/sistemaintegraldesalud.com\/wp-content\/uploads\/2021\/10\/imageonline-co-transparentimage-3.png 225w, https:\/\/sistemaintegraldesalud.com\/wp-content\/uploads\/2021\/10\/imageonline-co-transparentimage-3-150x150.png 150w\" sizes=\"auto, (max-width: 225px) 100vw, 225px\" \/><\/figure>\n\n\n\n<figure class=\"wp-block-image size-large\"><img loading=\"lazy\" decoding=\"async\" width=\"200\" height=\"121\" data-id=\"486\" src=\"https:\/\/sistemaintegraldesalud.com\/wp-content\/uploads\/2021\/10\/imageonline-co-transparentimage-4.png\" alt=\"\" class=\"wp-image-486\"\/><\/figure>\n<\/figure>\n<\/div><\/div>\n\n\n\n<h2 class=\"has-ast-global-color-5-color has-text-color has-background has-large-font-size wp-block-heading\" style=\"background-color:#141f46\">Farmacia<\/h2>\n\n\n\n<div class=\"wp-block-media-text alignwide is-stacked-on-mobile\" style=\"grid-template-columns:49% auto\"><figure class=\"wp-block-media-text__media\"><img loading=\"lazy\" decoding=\"async\" width=\"686\" height=\"525\" src=\"https:\/\/sistemaintegraldesalud.com\/wp-content\/uploads\/2021\/11\/marcas-productos.jpg\" alt=\"\" class=\"wp-image-733 size-full\" srcset=\"https:\/\/sistemaintegraldesalud.com\/wp-content\/uploads\/2021\/11\/marcas-productos.jpg 686w, https:\/\/sistemaintegraldesalud.com\/wp-content\/uploads\/2021\/11\/marcas-productos-300x230.jpg 300w\" sizes=\"auto, (max-width: 686px) 100vw, 686px\" \/><\/figure><div class=\"wp-block-media-text__content\">\n<ul class=\"wp-block-list\">\n<li>Equipo para la medici\u00f3n de Glucosa y Colesterol<\/li>\n\n\n\n<li>Tiras reactivas de glucosa Glucosa y Colesterol<\/li>\n\n\n\n<li>Prueba r\u00e1pida para la detecci\u00f3n de alcohol (Alcoholimetr\u00eda)<\/li>\n<\/ul>\n\n\n\n<ul class=\"wp-block-list\">\n<li>Bauman\u00f3metros digitales de pulso y brazo<\/li>\n\n\n\n<li>Term\u00f3metros infrarrojos de pistola<\/li>\n\n\n\n<li>Ox\u00edmetros<\/li>\n<\/ul>\n\n\n\n<ul class=\"wp-block-list\">\n<li>Pruebas de embarazo y ovulaci\u00f3n caseras<\/li>\n\n\n\n<li>Pruebas r\u00e1pidas de test de drogasde 1 a 6 par\u00e1metros (Marihuana, Coca\u00edna, Anfetaminas, Metanfetaminas, Opi\u00e1ceos y Barbit\u00faricos).<\/li>\n<\/ul>\n\n\n\n<ul class=\"wp-block-list\">\n<li>Generadores de oxigeno (Concentradores de oxigeno).<\/li>\n\n\n\n<li>Extractor de leche de policarbonato vainilla<\/li>\n\n\n\n<li>Jeringa pera de PVC grado m\u00e9dico<\/li>\n<\/ul>\n<\/div><\/div>\n\n\n\n<h2 class=\"has-ast-global-color-5-color has-text-color has-background has-large-font-size wp-block-heading\" style=\"background-color:#141f46\">Equipo M\u00e9dico<\/h2>\n\n\n\n<div class=\"wp-block-media-text alignwide is-stacked-on-mobile\"><figure class=\"wp-block-media-text__media\"><img loading=\"lazy\" decoding=\"async\" width=\"1024\" height=\"683\" src=\"https:\/\/sistemaintegraldesalud.com\/wp-content\/uploads\/2021\/10\/concern-g526cf70fe_1920-1024x683.jpg\" alt=\"\" class=\"wp-image-604 size-full\" srcset=\"https:\/\/sistemaintegraldesalud.com\/wp-content\/uploads\/2021\/10\/concern-g526cf70fe_1920-1024x683.jpg 1024w, https:\/\/sistemaintegraldesalud.com\/wp-content\/uploads\/2021\/10\/concern-g526cf70fe_1920-300x200.jpg 300w, https:\/\/sistemaintegraldesalud.com\/wp-content\/uploads\/2021\/10\/concern-g526cf70fe_1920-768x512.jpg 768w, https:\/\/sistemaintegraldesalud.com\/wp-content\/uploads\/2021\/10\/concern-g526cf70fe_1920-1536x1024.jpg 1536w, https:\/\/sistemaintegraldesalud.com\/wp-content\/uploads\/2021\/10\/concern-g526cf70fe_1920.jpg 1920w\" sizes=\"auto, (max-width: 1024px) 100vw, 1024px\" \/><\/figure><div class=\"wp-block-media-text__content\">\n<ul class=\"wp-block-list\">\n<li>Ventiladores respiratorios<\/li>\n\n\n\n<li> Monitores<\/li>\n\n\n\n<li>Desfibriladores<\/li>\n\n\n\n<li>Ultrasonidos<\/li>\n\n\n\n<li>Tom\u00f3grafos<\/li>\n\n\n\n<li>Camas hospitalarias<\/li>\n\n\n\n<li>Incubadoras<\/li>\n\n\n\n<li>Unidades de electrocirug\u00eda<\/li>\n\n\n\n<li>L\u00e1mparas de quir\u00f3fano<\/li>\n\n\n\n<li>Consumibles de equipamiento medico<\/li>\n<\/ul>\n<\/div><\/div>\n\n\n\n<hr class=\"wp-block-separator has-text-color has-ast-global-color-4-color has-css-opacity has-ast-global-color-4-background-color has-background\"\/>\n\n\n\n<h2 class=\"has-ast-global-color-5-color has-text-color has-background has-large-font-size wp-block-heading\" style=\"background-color:#141f46\">Laboratorio cl\u00ednico<\/h2>\n\n\n\n<div class=\"wp-block-media-text alignfull is-stacked-on-mobile is-vertically-aligned-bottom\" style=\"grid-template-columns:37% auto\"><figure class=\"wp-block-media-text__media\"><img loading=\"lazy\" decoding=\"async\" width=\"1024\" height=\"685\" src=\"https:\/\/sistemaintegraldesalud.com\/wp-content\/uploads\/2021\/10\/lab-g05d729e74_1920-1024x685.jpg\" alt=\"\" class=\"wp-image-609 size-full\" srcset=\"https:\/\/sistemaintegraldesalud.com\/wp-content\/uploads\/2021\/10\/lab-g05d729e74_1920-1024x685.jpg 1024w, https:\/\/sistemaintegraldesalud.com\/wp-content\/uploads\/2021\/10\/lab-g05d729e74_1920-300x201.jpg 300w, https:\/\/sistemaintegraldesalud.com\/wp-content\/uploads\/2021\/10\/lab-g05d729e74_1920-768x514.jpg 768w, https:\/\/sistemaintegraldesalud.com\/wp-content\/uploads\/2021\/10\/lab-g05d729e74_1920-1536x1028.jpg 1536w, https:\/\/sistemaintegraldesalud.com\/wp-content\/uploads\/2021\/10\/lab-g05d729e74_1920.jpg 1920w\" sizes=\"auto, (max-width: 1024px) 100vw, 1024px\" \/><\/figure><div class=\"wp-block-media-text__content\">\n<ul class=\"wp-block-list\">\n<li>Pruebas r\u00e1pidas de diagn\u00f3stico<\/li>\n\n\n\n<li>Equipo para Biometr\u00eda Hem\u00e1tica<\/li>\n\n\n\n<li>Equipo para Qu\u00edmica seca<\/li>\n\n\n\n<li>Equipos para pruebas especiales<\/li>\n\n\n\n<li>Equipo para uroan\u00e1lisis<\/li>\n\n\n\n<li>Consumibles de laboratorio<\/li>\n<\/ul>\n<\/div><\/div>\n\n\n\n<hr class=\"wp-block-separator has-text-color has-ast-global-color-4-color has-css-opacity has-ast-global-color-4-background-color has-background\"\/>\n\n\n\n<h2 class=\"has-ast-global-color-5-color has-text-color has-background has-large-font-size wp-block-heading\" style=\"background-color:#141f46\">Protecci\u00f3n personal<\/h2>\n\n\n\n<div class=\"wp-block-media-text alignwide is-stacked-on-mobile\"><figure class=\"wp-block-media-text__media\"><img loading=\"lazy\" decoding=\"async\" width=\"1024\" height=\"683\" src=\"https:\/\/sistemaintegraldesalud.com\/wp-content\/uploads\/2021\/10\/hand-disinfection-g39df4fa0c_1920-1024x683.jpg\" alt=\"\" class=\"wp-image-615 size-full\" srcset=\"https:\/\/sistemaintegraldesalud.com\/wp-content\/uploads\/2021\/10\/hand-disinfection-g39df4fa0c_1920-1024x683.jpg 1024w, https:\/\/sistemaintegraldesalud.com\/wp-content\/uploads\/2021\/10\/hand-disinfection-g39df4fa0c_1920-300x200.jpg 300w, https:\/\/sistemaintegraldesalud.com\/wp-content\/uploads\/2021\/10\/hand-disinfection-g39df4fa0c_1920-768x512.jpg 768w, https:\/\/sistemaintegraldesalud.com\/wp-content\/uploads\/2021\/10\/hand-disinfection-g39df4fa0c_1920-1536x1024.jpg 1536w, https:\/\/sistemaintegraldesalud.com\/wp-content\/uploads\/2021\/10\/hand-disinfection-g39df4fa0c_1920.jpg 1920w\" sizes=\"auto, (max-width: 1024px) 100vw, 1024px\" \/><\/figure><div class=\"wp-block-media-text__content\">\n<ul class=\"wp-block-list\">\n<li>Cubrebocas<\/li>\n\n\n\n<li>Lentes de seguridad<\/li>\n\n\n\n<li>Caretas<\/li>\n\n\n\n<li>Guantes<\/li>\n\n\n\n<li>Trajes desechables<\/li>\n\n\n\n<li>Gel antibacterial<\/li>\n\n\n\n<li>Sanitizantes<\/li>\n\n\n\n<li>Tapetes para sanitizantes<\/li>\n\n\n\n<li>Sales cuaternarias para la desinfecci\u00f3n de calzado<\/li>\n<\/ul>\n<\/div><\/div>\n\n\n\n<hr class=\"wp-block-separator has-css-opacity is-style-default\"\/>\n\n\n\n<figure class=\"wp-block-video\"><video height=\"1080\" style=\"aspect-ratio: 1080 \/ 1080;\" width=\"1080\" controls src=\"https:\/\/sistemaintegraldesalud.com\/wp-content\/uploads\/2022\/03\/video-chilo.mp4\"><\/video><\/figure>\n","protected":false},"excerpt":{"rendered":"<p>Nuestra propuesta de valor Se basa en tres principales fundamentales: calidad, eficiencia y servicio personalizado. Aseguramos que cada equipo cumpla con los estandares mas altos de calidad y confiabilidad. Clientes satisfechos con nuestros servicios Farmacia Equipo M\u00e9dico Laboratorio cl\u00ednico Protecci\u00f3n personal<\/p>\n","protected":false},"author":1,"featured_media":0,"parent":0,"menu_order":0,"comment_status":"closed","ping_status":"closed","template":"","meta":{"om_disable_all_campaigns":false,"_monsterinsights_skip_tracking":false,"_monsterinsights_sitenote_active":false,"_monsterinsights_sitenote_note":"","_monsterinsights_sitenote_category":0,"footnotes":""},"class_list":["post-137","page","type-page","status-publish","hentry"],"aioseo_notices":[],"_links":{"self":[{"href":"https:\/\/sistemaintegraldesalud.com\/index.php?rest_route=\/wp\/v2\/pages\/137","targetHints":{"allow":["GET"]}}],"collection":[{"href":"https:\/\/sistemaintegraldesalud.com\/index.php?rest_route=\/wp\/v2\/pages"}],"about":[{"href":"https:\/\/sistemaintegraldesalud.com\/index.php?rest_route=\/wp\/v2\/types\/page"}],"author":[{"embeddable":true,"href":"https:\/\/sistemaintegraldesalud.com\/index.php?rest_route=\/wp\/v2\/users\/1"}],"replies":[{"embeddable":true,"href":"https:\/\/sistemaintegraldesalud.com\/index.php?rest_route=%2Fwp%2Fv2%2Fcomments&post=137"}],"version-history":[{"count":41,"href":"https:\/\/sistemaintegraldesalud.com\/index.php?rest_route=\/wp\/v2\/pages\/137\/revisions"}],"predecessor-version":[{"id":846,"href":"https:\/\/sistemaintegraldesalud.com\/index.php?rest_route=\/wp\/v2\/pages\/137\/revisions\/846"}],"wp:attachment":[{"href":"https:\/\/sistemaintegraldesalud.com\/index.php?rest_route=%2Fwp%2Fv2%2Fmedia&parent=137"}],"curies":[{"name":"wp","href":"https:\/\/api.w.org\/{rel}","templated":true}]}}